{"id":3384,"date":"2010-04-20T17:53:29","date_gmt":"2010-04-20T16:53:29","guid":{"rendered":"http:\/\/www.silcom.hu\/?page_id=3384"},"modified":"2012-02-16T15:49:46","modified_gmt":"2012-02-16T14:49:46","slug":"reference-list","status":"publish","type":"page","link":"https:\/\/www.silcom.hu\/en\/references\/reference-list","title":{"rendered":"Reference list"},"content":{"rendered":"<ul class=\"referencia\">\n<li>3h \u00c9p\u00edt\u00e9sziroda Kft.<\/li>\n<li>ABB Kft.<\/li>\n<li>Abbott Laboratories Kft.<\/li>\n<li>Accounting International Kft.<\/li>\n<li>A.D.Grain Kft.<\/li>\n<li>Ad\u00f3spektrum Kft.<\/li>\n<li>Ad\u00f3ss\u00e1g B\u00f6rze Kft.<\/li>\n<li>ADT-Sensormatic Kft.<\/li>\n<li>Advisesoft Inform\u00e1ci\u00f3technol\u00f3giai Kft.<\/li>\n<li>Aerotrade Kft.<\/li>\n<li>Akzo Nobel Coatings Rt.<\/li>\n<li>Alak St\u00fadi\u00f3 E\u00fc. Kft.<\/li>\n<li>Allround Informatika Kft.<\/li>\n<li>Alois Dallmayr Automaten Service Kft.<\/li>\n<li>Amplioens sro.<\/li>\n<li>Argenta Forex Rt.<\/li>\n<li>Arcadom Rt.<\/li>\n<li>Architekton Rt.<\/li>\n<li>Art 1st Design Kft.<\/li>\n<li>Atlasz Biztos\u00edt\u00f3 Rt.<\/li>\n<li>Atlas Management Kft.<\/li>\n<li>Auras-2000 Kft.<\/li>\n<li>AVM Kft.<\/li>\n<li>\u00c1rp\u00e1d Center Kft.<\/li>\n<li>Bacardi-Martini Hungary Kft.<\/li>\n<li>BAT P\u00e9csi Doh\u00e1nygy\u00e1r Kft.<\/li>\n<li>BauTrans Hung\u00e1ria<\/li>\n<li>Bau Holding 2000 Zrt.<\/li>\n<li>BBC Consulting Kft.<\/li>\n<li>B-Brothers Kft.<\/li>\n<li>Beneficial P\u00e9nz\u00fcgyi Szolg\u00e1ltat\u00f3 Rt.<\/li>\n<li>Berlin-Chemie\/ A.Menarini Kft.<\/li>\n<li>BesNet Kft.<\/li>\n<li>Bio-Bau \u00c9p\u00edt\u00e9szet \u00e9s K\u00f6rnyezetv\u00e9delem Kft.<\/li>\n<li>Biosan Kft.<\/li>\n<li>Boston Consulting Group<\/li>\n<li>Botos \u00dcgyv\u00e9di Iroda<\/li>\n<li>B Liz-Art Rekl\u00e1m\u00fcgyn\u00f6ks\u00e9g<\/li>\n<li>Blikk \u00dajs\u00e1g Szerkeszt\u0151s\u00e9ge<\/li>\n<li>BL Port Kft.<\/li>\n<li>B-Net Invest Kft.<\/li>\n<li>Budahegy Kft.<\/li>\n<li>Budapest Bank Zrt.<\/li>\n<li>Building Budapest Kft.<\/li>\n<li>B\u0171r\u00f6s \u00e9s T\u00e1rsa \u00dcgyv\u00e9di Iroda<\/li>\n<li>CAF\u00c9 FREI Vend\u00e9gl\u00e1t\u00f3ipari Kft.<\/li>\n<li>Capital Communications<\/li>\n<li>Cardex Kft.<\/li>\n<li>C Ant Bt.<\/li>\n<li>C. E. Ingatlan Kft.<\/li>\n<li>Carlberg &amp; Son Elctronic Kft.<\/li>\n<li>Castrum Gy\u00f3gykemping Kft.<\/li>\n<li>Ceginvest Kft.<\/li>\n<li>Centimprex Kft.<\/li>\n<li>Charles V\u00f6gele Hung\u00e1ria Kft.<\/li>\n<li>CIBA<\/li>\n<li>Ciprusi Nagyk\u00f6vets\u00e9g<\/li>\n<li>Ciris Kft.<\/li>\n<li>CLH Kft.<\/li>\n<li>Clination Kft.<\/li>\n<li>Collis Kft.<\/li>\n<li>Color-Ferr Kft.<\/li>\n<li>Colorfront Kft.<\/li>\n<li>CMA International<\/li>\n<li>Comparex Kft.<\/li>\n<li>CompLex Kiad\u00f3 Kft. ( KJK-Kersz\u00f6v Kft. )<\/li>\n<li>Concorde \u00c9rt\u00e9kpap\u00edr Rt.<\/li>\n<li>Concorde Center Kft.<\/li>\n<li>Conintersped Kft.<\/li>\n<li>Coninvest Kft.<\/li>\n<li>Corinthia Czech Airlines<\/li>\n<li>Cretum Kft.<\/li>\n<li>Csat\u00e1rka Irodah\u00e1z Kft.<\/li>\n<li>Dai Long Kft.<\/li>\n<li>Dash 97 Kft.<\/li>\n<li>Dekade Kft.<\/li>\n<li>Design Kartell Kft.<\/li>\n<li>Designium Kft.<\/li>\n<li>Diamant Kft.<\/li>\n<li>DLA Piper Weiss-Tessbach Kft.<\/li>\n<li>Docu Guard Kft.<\/li>\n<li>Dr. Dezs\u0151 Attila \u00dcgyv\u00e9di Iroda<\/li>\n<li>Dr. Dulai L\u00e1szl\u00f3 \u00dcgyv\u00e9di Iroda<\/li>\n<li>Dr. \u00c9kes \u00dcgyv\u00e9di Iroda<\/li>\n<li>Dr. Kicska Gabriella \u00dcgyv\u00e9di Iroda<\/li>\n<li>Dr. Orm\u00f3s \u00dcgyv\u00e9di Iroda<\/li>\n<li>Dr. Varga Norbert \u00dcgyv\u00e9di Iroda<\/li>\n<li>Dreher S\u00f6rgy\u00e1rak Rt.<\/li>\n<li>DS-Concept Kft.<\/li>\n<li>Dunakanyar Region\u00e1lis TV Kft.<\/li>\n<li>DVA Kft.<\/li>\n<li>Egis Rt.<\/li>\n<li>Elektro-Light Kft.<\/li>\n<li>Elektronika 77 Kft.<\/li>\n<li>ELLA Els\u0151 Lak\u00e1shitel Kft.<\/li>\n<li>EMC Magyarorsz\u00e1g Kft.<\/li>\n<li>Energizer Magyarorsz\u00e1g Kft.<\/li>\n<li>E-OS Zrt.<\/li>\n<li>Est Media Group<\/li>\n<li>Euler Hermes K\u00f6vetel\u00e9skezel\u0151 Kft.<\/li>\n<li>Euroform 2000 Kft.<\/li>\n<li>Eurohouse Kft.<\/li>\n<li>EuroNet Rt.<\/li>\n<li>Euro-Estate Hungary Kft.<\/li>\n<li>Europa Gan Biztos\u00edt\u00f3 Rt.<\/li>\n<li>Eur\u00f3pa Rendezv\u00e9nyszervez\u0151 Iroda<\/li>\n<li>Evig-Alexander Kft.<\/li>\n<li>Excluz\u00edv-Bau Kft.<\/li>\n<li>Expol Kft.<\/li>\n<li>Fabory Budapest Kft.<\/li>\n<li>Fercom Kft.<\/li>\n<li>Firstmed-FMC Kft.<\/li>\n<li>Friedmann-H\u00e1z<\/li>\n<li>Ford Aut\u00f3szalon<\/li>\n<\/ul>\n<ul class=\"referencia\">\n<li>Foris Real Estate Kft.<\/li>\n<li>Forprofit Kft.<\/li>\n<li>Forr\u00e1sliget Lak\u00f3park<\/li>\n<li>Fortunate Kft.<\/li>\n<li>F\u0151v\u00e1rosi Operett Sz\u00ednh\u00e1z<\/li>\n<li>F\u0151v\u00e1rosi V\u00edzm\u0171vek Rt.<\/li>\n<li>FSC Kft.<\/li>\n<li>F\u00fcggetlen H\u00edr\u00fcgyn\u00f6ks\u00e9g<\/li>\n<li>Gardiner &amp; Theobald<\/li>\n<li>Gar\u00e9pszer\u201993 Kft.<\/li>\n<li>Geomant Kft.<\/li>\n<li>Gestim Kft.<\/li>\n<li>GMG Finance Kft.<\/li>\n<li>Gobert, Fest \u00e9s T\u00e1rsai \u00dcgyv\u00e9di Iroda<\/li>\n<li>Grey Worldwide Hungary Kft.<\/li>\n<li>Groupe SEB Central Europe Kft.<\/li>\n<li>Guinness UDV Kft.<\/li>\n<li>Gundel \u00c9tterem<\/li>\n<li>Gy\u00f6ngyh\u00e1zak Lak\u00f3park<\/li>\n<li>Gy\u0151ri Keksz Kft.<\/li>\n<li>Halbo MCE<\/li>\n<li>HBM Kft.<\/li>\n<li>Head-V Marketing Kft.<\/li>\n<li>Heinemann Testv\u00e9rek Kft.<\/li>\n<li>Henkel Magyarorsz\u00e1g Kft.<\/li>\n<li>H\u00e9rosz \u00c9p\u00edt\u0151ipari \u00e9s Szolg\u00e1ltat\u00f3 zRt.<\/li>\n<li>Hidrotech Alfa Kft.<\/li>\n<li>Hill International Hungary<\/li>\n<li>HiperKom Hungaria Kft.<\/li>\n<li>HospInvest zRT.<\/li>\n<li>Hotel Bencz\u00far<\/li>\n<li>Hotel Lid\u00f3<\/li>\n<li>Hotel Grand Corinthia Royal<\/li>\n<li>Hotel Radisson Sas<\/li>\n<li>Honeywell Szab\u00e1lyoz\u00e1stechnikai Kft.<\/li>\n<li>Human Soft Kft.<\/li>\n<li>HungaroTrial Kft.<\/li>\n<li>Hunyadorom Lak\u00f3park<\/li>\n<li>Hydea Consulting Kft.<\/li>\n<li>Hyundai Aut\u00f3szalon<\/li>\n<li>IQ Press Lapkiad\u00f3<\/li>\n<li>Inarchi Interior &amp; Architectural Design Workshop<\/li>\n<li>IHG Rt.<\/li>\n<li>IKB P\u00e9nz\u00fcgyi L\u00edzing Zrt.<\/li>\n<li>Immochan Mo.Kft. ( Auchan \u00e1ruh\u00e1zak )<\/li>\n<li>Immofinanz Services Hungary Kft.<\/li>\n<li>IMV Hungaria Kft.<\/li>\n<li>Infocase Kft.<\/li>\n<li>Informatikai Rendszerh\u00e1z Kft.<\/li>\n<li>ING Biztos\u00edt\u00f3 Zrt.<\/li>\n<li>Innoglass \u00dcvegipari Kft.<\/li>\n<li>International House Nyelviskola<\/li>\n<li>Intrum Justitia Kft.<\/li>\n<li>Isarinvest Bt.<\/li>\n<li>ITL Group<\/li>\n<li>Iveco<\/li>\n<li>IWI Eur\u00f3pa Kft.<\/li>\n<li>Jeney-Korrofob Kft.<\/li>\n<li>Jacque Dessange Szalon<\/li>\n<li>JVH M\u00e9rn\u00f6k Tan\u00e1csad\u00f3 Szolg.\u00e9s Ker.Bt.<\/li>\n<li>K.H.L. Hungary Kft.<\/li>\n<li>Kir\u00e1ly B\u00fator Kft.<\/li>\n<li>Kis-V\u00e1llalkoz\u00e1s EV.<\/li>\n<li>Knorr-Bremse F\u00e9krendszerek Kft.<\/li>\n<li>Kolosi \u00e9s T\u00e1rsa Kft.<\/li>\n<li>Kopint Datorg Rt.<\/li>\n<li>Kov\u00e1cs &amp; Arnold Kft.<\/li>\n<li>K\u0151olajt\u00e1rol\u00f3 Rt.<\/li>\n<li>Kre\u00e1l-Plusz Kft.<\/li>\n<li>K-Sped Kft.<\/li>\n<li>Kuna \u2013 Co Kft.<\/li>\n<li>Lasersystems Kft.<\/li>\n<li>L\u00e1nch\u00edd T\u00e1rsulat Zrt.<\/li>\n<li>Lexicor Export-Import Kft.<\/li>\n<li>Lexo Kft.<\/li>\n<li>Lone Consulting Kft.<\/li>\n<li>Luk\u00e1cs \u00e9s Vik\u00e1r \u00c9p\u00edt\u00e9szst\u00fadi\u00f3 Kft.<\/li>\n<li>Luxottica Central Europe Optikai Ker. Kft.<\/li>\n<li>Mafish Kft. ( Nordsee )<\/li>\n<li>Magic ( Onix ) Magyarorsz\u00e1g Kft.<\/li>\n<li>Magyar Iparsz\u00f6vets\u00e9g Alap\u00edtv\u00e1ny<\/li>\n<li>Magyar Cetelem Bank Zrt.<\/li>\n<li>Magyar Labdar\u00fag\u00f3 Sz\u00f6vets\u00e9g<\/li>\n<li>Magiar So. Fin. Ltd.<\/li>\n<li>Magyar Grundy Ufa Kft.<\/li>\n<li>Mah\u00e9 Kft.<\/li>\n<li>Malifer Kft.<\/li>\n<li>Mammut zRt.<\/li>\n<li>Marketlink Kft. \/Transcom Hungary Kft.\/<\/li>\n<li>M\u00e1di L\u00e1ncos St\u00fadi\u00f3 Kft.<\/li>\n<li>M\u00e1ltai Nagyyk\u00f6vets\u00e9g<\/li>\n<li>McKinsey and Co.<\/li>\n<li>Media Consult Kft.<\/li>\n<li>Media Insight Kft.<\/li>\n<li>Medical Tribune Kiad\u00f3 Kft.<\/li>\n<li>Medea Services Kft.<\/li>\n<li>Medicatus Kft.<\/li>\n<li>Medicons Consulting Kft.<\/li>\n<li>Mediterr\u00e1n St\u00fadi\u00f3 Kft.<\/li>\n<li>Mellow Mood Hungary Kft.<\/li>\n<li>MEMRB Kft.<\/li>\n<li>Metrax Bt.<\/li>\n<li>Metro \u00dajs\u00e1g Szerkeszt\u0151s\u00e9ge<\/li>\n<li>Mexon Kft.<\/li>\n<li>M\u00e9dia Hung\u00e1ria Bt.<\/li>\n<li>M\u00e9diafigyel\u0151 Kft.<\/li>\n<li>Michelin Magyarorsz\u00e1g Kft.<\/li>\n<li>Micro Licht Kft.<\/li>\n<\/ul>\n<ul class=\"referencia\">\n<li>Mode-Art Kft.<\/li>\n<li> Monsanto Kft.<\/li>\n<li> M-Real Kft.<\/li>\n<li> M-RTL Zrt.<\/li>\n<li>MSZKSZ Zrt.<\/li>\n<li> M\u0171szer Automatika Kft.<\/li>\n<li> Murus zRt.<\/li>\n<li> Nagoya Kft.<\/li>\n<li> N\u00e1dor 15 Kft.<\/li>\n<li>Nemzeti Sport Szerkeszt\u0151s\u00e9ge<\/li>\n<li>Netpromote Marketing Kft.<\/li>\n<li>Next Consulting Kft.<\/li>\n<li>Nextra Hungary Kft.<\/li>\n<li>Nicholson International Kft.<\/li>\n<li>Nissan Aut\u00f3szalon<\/li>\n<li>NOB Invest Kft.<\/li>\n<li>Numil Kft.<\/li>\n<li>Ogilvy &amp; Mather Budapest<\/li>\n<li>OHU-002 Informatikai Tan\u00e1csad\u00f3 Kft.<\/li>\n<li>Oll\u00e9 Sportrendszer Kht.<\/li>\n<li>OMV Hung\u00e1ria Kft.<\/li>\n<li>Opel Southeast Europe Kft.<\/li>\n<li>Open Society Institute<\/li>\n<li>Optimum4 Tan\u00e1csad\u00f3 Kft.<\/li>\n<li>Oros Med Kft.<\/li>\n<li>Orsz\u00e1gos Sz\u00e9chenyi K\u00f6nyvt\u00e1r<\/li>\n<li>Pacsirtamez\u0151 Lak\u00f3park<\/li>\n<li>Palatinus Apartman Kft.<\/li>\n<li>P\u00e1lfalvi K\u00f6nyvvizsg\u00e1l\u00f3 Kft.<\/li>\n<li>Pedus Office East-West Business Center \/ P. Dusmann Kft<\/li>\n<li>Pellady People &amp; Picture Kft.<\/li>\n<li>Peltex Kft.<\/li>\n<li>Perlea Residence s.r.l.<\/li>\n<li>Pesti Divat Szerkeszt\u0151s\u00e9ge<\/li>\n<li>Pesti Est \u00dajs\u00e1g Szerkeszt\u0151s\u00e9ge<\/li>\n<li>Pinson Kft.<\/li>\n<li>Pioneer Hungary Rt.<\/li>\n<li>Piskou ( Dekad ) Kft.<\/li>\n<li>PMP Irodah\u00e1z Kft.<\/li>\n<li>PRA International<\/li>\n<li>Primacom Kft.<\/li>\n<li>Proform zRt.<\/li>\n<li>PR-Trio Kft.<\/li>\n<li>Puma Hung\u00e1ria Kft.<\/li>\n<li>Quaxo Kft.<\/li>\n<li>Quintiles Kft.<\/li>\n<li>Rafinanz Service Kft.<\/li>\n<li>Ramsys Kft.<\/li>\n<li>Real Management<\/li>\n<li>Recognita Rt.<\/li>\n<li>Redbull Hungary<\/li>\n<li>Renault Hung\u00e1ria Kft.<\/li>\n<li>R\u00e9gens Informatikai zRt.<\/li>\n<li>Ringier Lapkiad\u00f3 Rt.<\/li>\n<li>Rondo Budapest Kft.<\/li>\n<li>Roxer Event &amp; More Kft.<\/li>\n<li>Sanoma Budapest Kiad\u00f3i Rt.<\/li>\n<li>Sanyo Hungary Kft.<\/li>\n<li>Scholz and Friends Kft.<\/li>\n<li>Second Opinion Kft.<\/li>\n<li>Shasha Kft.<\/li>\n<li>Shell Gas Hungary Rt.<\/li>\n<li>Sinvest Szirtes 9 Kft.<\/li>\n<li>Si\u00f3-Disco Centrum Kft.<\/li>\n<li>Skull Vezet\u0151k\u00e9pz\u0151 Kft.<\/li>\n<li>Sky-Film Kft.<\/li>\n<li>SLOVNAFT, a.s.<\/li>\n<li>Smart Real Estate Kft.<\/li>\n<li>Solon Management Consulting Bt.<\/li>\n<li>SOTE<\/li>\n<li>Ster Century Megaplex<\/li>\n<li>Studio Toledo<\/li>\n<li>Suli-Host Kft.<\/li>\n<li>SW Sz\u00e1lloda\u00fczemeltet\u0151 Kft. Art\u2019Otel<\/li>\n<li>T\u00e1borhegyi Lak\u00f3park<\/li>\n<li>Tebodin EC Kft.<\/li>\n<li>Terminio Kft.<\/li>\n<li>Terrapark Kft.<\/li>\n<li>Therminex Kft.<\/li>\n<li>Tchibo Magyarorsz\u00e1g<\/li>\n<li>TMP Personal Select<\/li>\n<li>T-Mobile Rt.<\/li>\n<li>Topflats Kft.<\/li>\n<li>T\u00f3th Aut\u00f3szalonok<\/li>\n<li>Tradeinvest Kft.<\/li>\n<li>Transconsult Kft.<\/li>\n<li>Transelektro Rt.<\/li>\n<li>Trigr\u00e1nit Rt.<\/li>\n<li>Triumph International<\/li>\n<li>United 4 M &amp; M Exclusive Tours Kft.<\/li>\n<li>UPC Direct<\/li>\n<li>Varga D\u00f3ra \u00dcgyv\u00e9di Iroda<\/li>\n<li>Varr\u00f3 Aut\u00f3h\u00e1z Kft.<\/li>\n<li>Vascular Venture Kft.<\/li>\n<li>Veneco Hungary<\/li>\n<li>Ventiv Health<\/li>\n<li>Verlag Dash\u00f6fer Kft.<\/li>\n<li>Vetlanda Kft.<\/li>\n<li>VIP Kft.<\/li>\n<li>VIP Travel Utaz\u00e1si Iroda<\/li>\n<li>Vir\u00e1g\u00e9rt Kft.<\/li>\n<li>Vodafone Rt.\/Vram Rt.<\/li>\n<li>Voglauer Kft.<\/li>\n<li>VT-Soft Kft.<\/li>\n<li>Webworks Kft.<\/li>\n<li>WestEnd Ingatlanhasznos\u00edt\u00f3 \u00e9s \u00dczemeltet\u00e9si Kft.<\/li>\n<li>W.E.T.Automotive Systems Mo.Kft.<\/li>\n<li>W-Go 2000 Zrt.<\/li>\n<li>Wienerberger T\u00e9glaipari Rt.<\/li>\n<li>Zaj Rendszerh\u00e1z Kft.<\/li>\n<li>ZeinaHotel Szolg\u00e1ltat\u00f3 Kft. Zara Butikhotel<\/li>\n<li>Zorglub Investment Kft.<\/li>\n<li>Zwack Unicum Rt.<\/li>\n<\/ul>\n","protected":false},"excerpt":{"rendered":"<p>3h \u00c9p\u00edt\u00e9sziroda Kft. ABB Kft. Abbott Laboratories Kft. Accounting International Kft. A.D.Grain Kft. Ad\u00f3spektrum Kft. Ad\u00f3ss\u00e1g B\u00f6rze Kft. ADT-Sensormatic Kft. Advisesoft Inform\u00e1ci\u00f3technol\u00f3giai Kft. Aerotrade Kft. Akzo Nobel Coatings Rt. Alak St\u00fadi\u00f3 E\u00fc. Kft. Allround Informatika Kft. Alois Dallmayr Automaten Service Kft. Amplioens sro. Argenta Forex Rt. Arcadom Rt. Architekton Rt. Art 1st Design Kft. Atlasz [&hellip;]<\/p>\n","protected":false},"author":9192192,"featured_media":0,"parent":3382,"menu_order":0,"comment_status":"closed","ping_status":"open","template":"page_cim.php","meta":{"ngg_post_thumbnail":0,"footnotes":""},"aioseo_notices":[],"_links":{"self":[{"href":"https:\/\/www.silcom.hu\/en\/wp-json\/wp\/v2\/pages\/3384"}],"collection":[{"href":"https:\/\/www.silcom.hu\/en\/wp-json\/wp\/v2\/pages"}],"about":[{"href":"https:\/\/www.silcom.hu\/en\/wp-json\/wp\/v2\/types\/page"}],"author":[{"embeddable":true,"href":"https:\/\/www.silcom.hu\/en\/wp-json\/wp\/v2\/users\/9192192"}],"replies":[{"embeddable":true,"href":"https:\/\/www.silcom.hu\/en\/wp-json\/wp\/v2\/comments?post=3384"}],"version-history":[{"count":0,"href":"https:\/\/www.silcom.hu\/en\/wp-json\/wp\/v2\/pages\/3384\/revisions"}],"up":[{"embeddable":true,"href":"https:\/\/www.silcom.hu\/en\/wp-json\/wp\/v2\/pages\/3382"}],"wp:attachment":[{"href":"https:\/\/www.silcom.hu\/en\/wp-json\/wp\/v2\/media?parent=3384"}],"curies":[{"name":"wp","href":"https:\/\/api.w.org\/{rel}","templated":true}]}}