{"id":3380,"date":"2010-04-20T17:51:50","date_gmt":"2010-04-20T16:51:50","guid":{"rendered":"http:\/\/www.silcom.hu\/?page_id=3380"},"modified":"2010-04-20T17:51:50","modified_gmt":"2010-04-20T16:51:50","slug":"resupply","status":"publish","type":"page","link":"https:\/\/www.silcom.hu\/en\/services\/resupply","title":{"rendered":"Resupply"},"content":{"rendered":"<p>ngg_shortcode_0_placeholder<br \/>\nTerm\u00e9keink ut\u00e1nsz\u00e1ll\u00edt\u00e1s\u00e1t meg\u00e1llapod\u00e1s szerint v\u00e1llaljuk mindaddig, am\u00edg a besz\u00e1ll\u00edt\u00f3 a term\u00e9ket nem veszi ki a gy\u00e1rt\u00e1sb\u00f3l.<\/p>\n","protected":false},"excerpt":{"rendered":"<p>Term\u00e9keink ut\u00e1nsz\u00e1ll\u00edt\u00e1s\u00e1t meg\u00e1llapod\u00e1s szerint v\u00e1llaljuk mindaddig, am\u00edg a besz\u00e1ll\u00edt\u00f3 a term\u00e9ket nem veszi ki a gy\u00e1rt\u00e1sb\u00f3l.<\/p>\n","protected":false},"author":9192192,"featured_media":0,"parent":3367,"menu_order":6,"comment_status":"closed","ping_status":"open","template":"page_szolgaltat.php","meta":{"ngg_post_thumbnail":0,"footnotes":""},"aioseo_notices":[],"_links":{"self":[{"href":"https:\/\/www.silcom.hu\/en\/wp-json\/wp\/v2\/pages\/3380"}],"collection":[{"href":"https:\/\/www.silcom.hu\/en\/wp-json\/wp\/v2\/pages"}],"about":[{"href":"https:\/\/www.silcom.hu\/en\/wp-json\/wp\/v2\/types\/page"}],"author":[{"embeddable":true,"href":"https:\/\/www.silcom.hu\/en\/wp-json\/wp\/v2\/users\/9192192"}],"replies":[{"embeddable":true,"href":"https:\/\/www.silcom.hu\/en\/wp-json\/wp\/v2\/comments?post=3380"}],"version-history":[{"count":0,"href":"https:\/\/www.silcom.hu\/en\/wp-json\/wp\/v2\/pages\/3380\/revisions"}],"up":[{"embeddable":true,"href":"https:\/\/www.silcom.hu\/en\/wp-json\/wp\/v2\/pages\/3367"}],"wp:attachment":[{"href":"https:\/\/www.silcom.hu\/en\/wp-json\/wp\/v2\/media?parent=3380"}],"curies":[{"name":"wp","href":"https:\/\/api.w.org\/{rel}","templated":true}]}}