{"id":3378,"date":"2010-04-20T17:50:37","date_gmt":"2010-04-20T16:50:37","guid":{"rendered":"http:\/\/www.silcom.hu\/?page_id=3378"},"modified":"2010-04-20T17:50:37","modified_gmt":"2010-04-20T16:50:37","slug":"warranty-service","status":"publish","type":"page","link":"https:\/\/www.silcom.hu\/en\/services\/warranty-service","title":{"rendered":"Warranty service"},"content":{"rendered":"ngg_shortcode_0_placeholder\n<ul>\n<li>term\u00e9keinkre modellt\u0151l f\u00fcgg\u0151en: 1-5 \u00e9v garanci\u00e1t v\u00e1llalunk, rendeltet\u00e9sszer\u0171 haszn\u00e1lat mellett \u00e9s a B\u00fatorhaszn\u00e1lati \u00datmutat\u00f3 betart\u00e1s\u00e1val<\/li>\n<li> b\u00fatorokat 6 havonta garanci\u00e1lisan karban tartjuk, meg\u00e1llapod\u00e1s f\u00fcggv\u00e9ny\u00e9ben <\/li>\n<li> b\u00fatorok nemzetk\u00f6zi tan\u00fas\u00edtv\u00e1nyokkal,<\/li>\n<li> c\u00e9g\u00fcnk ISO min\u0151s\u00edt\u00e9ssel rendelkezik<\/li>\n<\/ul>\n","protected":false},"excerpt":{"rendered":"<p>term\u00e9keinkre modellt\u0151l f\u00fcgg\u0151en: 1-5 \u00e9v garanci\u00e1t v\u00e1llalunk, rendeltet\u00e9sszer\u0171 haszn\u00e1lat mellett \u00e9s a B\u00fatorhaszn\u00e1lati \u00datmutat\u00f3 betart\u00e1s\u00e1val b\u00fatorokat 6 havonta garanci\u00e1lisan karban tartjuk, meg\u00e1llapod\u00e1s f\u00fcggv\u00e9ny\u00e9ben b\u00fatorok nemzetk\u00f6zi tan\u00fas\u00edtv\u00e1nyokkal, c\u00e9g\u00fcnk ISO min\u0151s\u00edt\u00e9ssel rendelkezik<\/p>\n","protected":false},"author":9192192,"featured_media":0,"parent":3367,"menu_order":5,"comment_status":"closed","ping_status":"open","template":"page_szolgaltat.php","meta":{"ngg_post_thumbnail":0,"footnotes":""},"aioseo_notices":[],"_links":{"self":[{"href":"https:\/\/www.silcom.hu\/en\/wp-json\/wp\/v2\/pages\/3378"}],"collection":[{"href":"https:\/\/www.silcom.hu\/en\/wp-json\/wp\/v2\/pages"}],"about":[{"href":"https:\/\/www.silcom.hu\/en\/wp-json\/wp\/v2\/types\/page"}],"author":[{"embeddable":true,"href":"https:\/\/www.silcom.hu\/en\/wp-json\/wp\/v2\/users\/9192192"}],"replies":[{"embeddable":true,"href":"https:\/\/www.silcom.hu\/en\/wp-json\/wp\/v2\/comments?post=3378"}],"version-history":[{"count":0,"href":"https:\/\/www.silcom.hu\/en\/wp-json\/wp\/v2\/pages\/3378\/revisions"}],"up":[{"embeddable":true,"href":"https:\/\/www.silcom.hu\/en\/wp-json\/wp\/v2\/pages\/3367"}],"wp:attachment":[{"href":"https:\/\/www.silcom.hu\/en\/wp-json\/wp\/v2\/media?parent=3378"}],"curies":[{"name":"wp","href":"https:\/\/api.w.org\/{rel}","templated":true}]}}