{"id":3376,"date":"2010-04-20T17:49:06","date_gmt":"2010-04-20T16:49:06","guid":{"rendered":"http:\/\/www.silcom.hu\/?page_id=3376"},"modified":"2010-04-20T17:49:06","modified_gmt":"2010-04-20T16:49:06","slug":"furniture-carrying-assembly-storage","status":"publish","type":"page","link":"https:\/\/www.silcom.hu\/en\/services\/furniture-carrying-assembly-storage","title":{"rendered":"Furniture carrying, assembly, storage"},"content":{"rendered":"ngg_shortcode_0_placeholder\n<ul>\n<li> szerel\u0151 csapatunk el\u0151re egyeztetett id\u0151pontban, rugalmas id\u0151beoszt\u00e1sban v\u00e9gzi el a b\u00fatorok \u00f6sszeszerel\u00e9s\u00e9t, meg\u00e1llapod\u00e1s szerint munkaid\u0151n k\u00edv\u00fcl is<\/li>\n<li> v\u00e1llaljuk megl\u00e9v\u0151 b\u00fatorok mozgat\u00e1s\u00e1t is szerel\u0151i tarifat\u00e1bl\u00e1zat szerint <\/li>\n<li> garanci\u00e1t v\u00e1llalunk az ingatlan \u00e9s ing\u00f3s\u00e1gok \u00e9ps\u00e9g\u00e9\u00e9rt <\/li>\n<li> a helysz\u00ednt kitakar\u00edtva, szemetet elsz\u00e1ll\u00edtva adjuk \u00e1t<\/li>\n<li> a kivitelez\u00e9s cs\u00fasz\u00e1sa eset\u00e9n v\u00e1llaljuk a megrendelt term\u00e9kek rakt\u00e1roz\u00e1s\u00e1t<\/li>\n<\/ul>\n","protected":false},"excerpt":{"rendered":"<p>szerel\u0151 csapatunk el\u0151re egyeztetett id\u0151pontban, rugalmas id\u0151beoszt\u00e1sban v\u00e9gzi el a b\u00fatorok \u00f6sszeszerel\u00e9s\u00e9t, meg\u00e1llapod\u00e1s szerint munkaid\u0151n k\u00edv\u00fcl is v\u00e1llaljuk megl\u00e9v\u0151 b\u00fatorok mozgat\u00e1s\u00e1t is szerel\u0151i tarifat\u00e1bl\u00e1zat szerint garanci\u00e1t v\u00e1llalunk az ingatlan \u00e9s ing\u00f3s\u00e1gok \u00e9ps\u00e9g\u00e9\u00e9rt a helysz\u00ednt kitakar\u00edtva, szemetet elsz\u00e1ll\u00edtva adjuk \u00e1t a kivitelez\u00e9s cs\u00fasz\u00e1sa eset\u00e9n v\u00e1llaljuk a megrendelt term\u00e9kek rakt\u00e1roz\u00e1s\u00e1t<\/p>\n","protected":false},"author":9192192,"featured_media":0,"parent":3367,"menu_order":4,"comment_status":"closed","ping_status":"open","template":"page_szolgaltat.php","meta":{"ngg_post_thumbnail":0,"footnotes":""},"aioseo_notices":[],"_links":{"self":[{"href":"https:\/\/www.silcom.hu\/en\/wp-json\/wp\/v2\/pages\/3376"}],"collection":[{"href":"https:\/\/www.silcom.hu\/en\/wp-json\/wp\/v2\/pages"}],"about":[{"href":"https:\/\/www.silcom.hu\/en\/wp-json\/wp\/v2\/types\/page"}],"author":[{"embeddable":true,"href":"https:\/\/www.silcom.hu\/en\/wp-json\/wp\/v2\/users\/9192192"}],"replies":[{"embeddable":true,"href":"https:\/\/www.silcom.hu\/en\/wp-json\/wp\/v2\/comments?post=3376"}],"version-history":[{"count":0,"href":"https:\/\/www.silcom.hu\/en\/wp-json\/wp\/v2\/pages\/3376\/revisions"}],"up":[{"embeddable":true,"href":"https:\/\/www.silcom.hu\/en\/wp-json\/wp\/v2\/pages\/3367"}],"wp:attachment":[{"href":"https:\/\/www.silcom.hu\/en\/wp-json\/wp\/v2\/media?parent=3376"}],"curies":[{"name":"wp","href":"https:\/\/api.w.org\/{rel}","templated":true}]}}