{"id":3374,"date":"2010-04-20T17:47:30","date_gmt":"2010-04-20T16:47:30","guid":{"rendered":"http:\/\/www.silcom.hu\/?page_id=3374"},"modified":"2010-04-20T17:47:30","modified_gmt":"2010-04-20T16:47:30","slug":"3d-design-plans-home","status":"publish","type":"page","link":"https:\/\/www.silcom.hu\/en\/services\/3d-design-plans-home","title":{"rendered":"3D design plans &#8211; home"},"content":{"rendered":"<p>ngg_shortcode_0_placeholder<br \/>\nTervez\u00e9skor az egy\u00e9n szem\u00e9lyes ig\u00e9nyei alapj\u00e1n vessz\u00fck figyelembe a funkcion\u00e1lis &#8211; ergon\u00f3mikus &#8211; design \u00e9s \u00e1r &#8211; \u00e9rt\u00e9k \tar\u00e1ny szempontokat. \u00d6n\u00f6kkel vagy bels\u0151\u00e9p\u00edt\u00e9sz\u00fckkel\/lakberendez\u0151j\u00fckkel egy\u00fcttm\u0171k\u00f6dve v\u00e1lasztjuk ki a legalkalmasabb b\u00fatorokat, mindig szem\u00e9lyre szabottan, az adott k\u00f6rnyezet figyelembev\u00e9tel\u00e9vel. Alaprajzok vagy ennek hi\u00e1ny\u00e1ban c\u00e9g\u00fcnk \u00e1ltal v\u00e9gzett felm\u00e9r\u00e9s alapj\u00e1n, b\u00fatorelrendez\u00e9si rajzokat, meg\u00e1llapod\u00e1s szerint, 3D terveket k\u00e9sz\u00edt\u00fcnk a kialak\u00edtand\u00f3 enteri\u0151rr\u0151l, mely t\u00e9rben is seg\u00edt elk\u00e9pzelni a kiaj\u00e1nlott term\u00e9ket.<\/p>\n","protected":false},"excerpt":{"rendered":"<p>Tervez\u00e9skor az egy\u00e9n szem\u00e9lyes ig\u00e9nyei alapj\u00e1n vessz\u00fck figyelembe a funkcion\u00e1lis &#8211; ergon\u00f3mikus &#8211; design \u00e9s \u00e1r &#8211; \u00e9rt\u00e9k ar\u00e1ny szempontokat. \u00d6n\u00f6kkel vagy bels\u0151\u00e9p\u00edt\u00e9sz\u00fckkel\/lakberendez\u0151j\u00fckkel egy\u00fcttm\u0171k\u00f6dve v\u00e1lasztjuk ki a legalkalmasabb b\u00fatorokat, mindig szem\u00e9lyre szabottan, az adott k\u00f6rnyezet figyelembev\u00e9tel\u00e9vel. Alaprajzok vagy ennek hi\u00e1ny\u00e1ban c\u00e9g\u00fcnk \u00e1ltal v\u00e9gzett felm\u00e9r\u00e9s alapj\u00e1n, b\u00fatorelrendez\u00e9si rajzokat, meg\u00e1llapod\u00e1s szerint, 3D terveket k\u00e9sz\u00edt\u00fcnk a kialak\u00edtand\u00f3 enteri\u0151rr\u0151l, [&hellip;]<\/p>\n","protected":false},"author":9192192,"featured_media":0,"parent":3367,"menu_order":3,"comment_status":"closed","ping_status":"open","template":"page_szolgaltat.php","meta":{"ngg_post_thumbnail":0,"footnotes":""},"aioseo_notices":[],"_links":{"self":[{"href":"https:\/\/www.silcom.hu\/en\/wp-json\/wp\/v2\/pages\/3374"}],"collection":[{"href":"https:\/\/www.silcom.hu\/en\/wp-json\/wp\/v2\/pages"}],"about":[{"href":"https:\/\/www.silcom.hu\/en\/wp-json\/wp\/v2\/types\/page"}],"author":[{"embeddable":true,"href":"https:\/\/www.silcom.hu\/en\/wp-json\/wp\/v2\/users\/9192192"}],"replies":[{"embeddable":true,"href":"https:\/\/www.silcom.hu\/en\/wp-json\/wp\/v2\/comments?post=3374"}],"version-history":[{"count":0,"href":"https:\/\/www.silcom.hu\/en\/wp-json\/wp\/v2\/pages\/3374\/revisions"}],"up":[{"embeddable":true,"href":"https:\/\/www.silcom.hu\/en\/wp-json\/wp\/v2\/pages\/3367"}],"wp:attachment":[{"href":"https:\/\/www.silcom.hu\/en\/wp-json\/wp\/v2\/media?parent=3374"}],"curies":[{"name":"wp","href":"https:\/\/api.w.org\/{rel}","templated":true}]}}