{"id":3372,"date":"2010-04-20T17:46:41","date_gmt":"2010-04-20T16:46:41","guid":{"rendered":"http:\/\/www.silcom.hu\/?page_id=3372"},"modified":"2010-04-20T17:46:41","modified_gmt":"2010-04-20T16:46:41","slug":"3d-design-plans-office","status":"publish","type":"page","link":"https:\/\/www.silcom.hu\/en\/services\/3d-design-plans-office","title":{"rendered":"3D design plans &#8211; office"},"content":{"rendered":"<p>ngg_shortcode_0_placeholder<br \/>\nTervez\u00e9skor figyelembe vessz\u00fck a funkcion\u00e1lis &#8211; ergon\u00f3mikus &#8211; design \u00e9s \u00e1r &#8211; \u00e9rt\u00e9k ar\u00e1ny k\u00f6vetelm\u00e9nyek mellett az egy\u00e9n szem\u00e9lyes \u00e9rdekeit, a rugalmass\u00e1got \u00e9s a b\u0151v\u00fcl\u00e9si lehet\u0151s\u00e9get az adott t\u00e9r legoptim\u00e1lisabb kihaszn\u00e1l\u00e1s\u00e1val. A b\u00fatorelrendez\u00e9si rajzokat a megadott alaprajzok alapj\u00e1n, ennek hi\u00e1ny\u00e1ban c\u00e9g\u00fcnk \u00e1ltal v\u00e9gzett felm\u00e9r\u00e9s alapj\u00e1n k\u00e9sz\u00edtj\u00fck el. Terveink megtekint\u00e9se ut\u00e1n az \u00d6n\u00f6k elk\u00e9pzel\u00e9sei szerint v\u00e1ltoztatunk az elrendez\u00e9sen, k\u00fcl\u00f6n k\u00e9r\u00e9sre 3D-s sz\u00ednes l\u00e1tv\u00e1nyterveket k\u00e9sz\u00edt\u00fcnk, mely t\u00e9rben is seg\u00edt elk\u00e9pzelni az irodai mobili\u00e1kat.<\/p>\n","protected":false},"excerpt":{"rendered":"<p>Tervez\u00e9skor figyelembe vessz\u00fck a funkcion\u00e1lis &#8211; ergon\u00f3mikus &#8211; design \u00e9s \u00e1r &#8211; \u00e9rt\u00e9k ar\u00e1ny k\u00f6vetelm\u00e9nyek mellett az egy\u00e9n szem\u00e9lyes \u00e9rdekeit, a rugalmass\u00e1got \u00e9s a b\u0151v\u00fcl\u00e9si lehet\u0151s\u00e9get az adott t\u00e9r legoptim\u00e1lisabb kihaszn\u00e1l\u00e1s\u00e1val. A b\u00fatorelrendez\u00e9si rajzokat a megadott alaprajzok alapj\u00e1n, ennek hi\u00e1ny\u00e1ban c\u00e9g\u00fcnk \u00e1ltal v\u00e9gzett felm\u00e9r\u00e9s alapj\u00e1n k\u00e9sz\u00edtj\u00fck el. Terveink megtekint\u00e9se ut\u00e1n az \u00d6n\u00f6k elk\u00e9pzel\u00e9sei szerint v\u00e1ltoztatunk [&hellip;]<\/p>\n","protected":false},"author":9192192,"featured_media":0,"parent":3367,"menu_order":2,"comment_status":"closed","ping_status":"open","template":"page_szolgaltat.php","meta":{"ngg_post_thumbnail":0,"footnotes":""},"aioseo_notices":[],"_links":{"self":[{"href":"https:\/\/www.silcom.hu\/en\/wp-json\/wp\/v2\/pages\/3372"}],"collection":[{"href":"https:\/\/www.silcom.hu\/en\/wp-json\/wp\/v2\/pages"}],"about":[{"href":"https:\/\/www.silcom.hu\/en\/wp-json\/wp\/v2\/types\/page"}],"author":[{"embeddable":true,"href":"https:\/\/www.silcom.hu\/en\/wp-json\/wp\/v2\/users\/9192192"}],"replies":[{"embeddable":true,"href":"https:\/\/www.silcom.hu\/en\/wp-json\/wp\/v2\/comments?post=3372"}],"version-history":[{"count":0,"href":"https:\/\/www.silcom.hu\/en\/wp-json\/wp\/v2\/pages\/3372\/revisions"}],"up":[{"embeddable":true,"href":"https:\/\/www.silcom.hu\/en\/wp-json\/wp\/v2\/pages\/3367"}],"wp:attachment":[{"href":"https:\/\/www.silcom.hu\/en\/wp-json\/wp\/v2\/media?parent=3372"}],"curies":[{"name":"wp","href":"https:\/\/api.w.org\/{rel}","templated":true}]}}