{"id":3369,"date":"2010-04-20T17:44:20","date_gmt":"2010-04-20T16:44:20","guid":{"rendered":"http:\/\/www.silcom.hu\/?page_id=3369"},"modified":"2012-02-16T11:14:43","modified_gmt":"2012-02-16T10:14:43","slug":"consultancy","status":"publish","type":"page","link":"https:\/\/www.silcom.hu\/en\/services\/consultancy","title":{"rendered":"Consulting"},"content":{"rendered":"ngg_shortcode_0_placeholder\n<p><strong>Egy otthon kialak\u00edt\u00e1s\u00e1n\u00e1l a v\u00e1lasztott b\u00fatorok \u00e9s kieg\u00e9sz\u00edt\u0151k meghat\u00e1rozz\u00e1k a helys\u00e9g hangulat\u00e1t \u00e9s egyben t\u00fckr\u00f6zik a benne \u00e9l\u0151 emberek szem\u00e9lyis\u00e9g\u00e9t, \u00e9letvitel\u00e9t.<\/strong> Nincs k\u00e9t egyforma ember, nincs k\u00e9t egyforma otthon. Minden esetben k\u00fcl\u00f6nb\u00f6z\u0151 szempontok ker\u00fclnek el\u0151t\u00e9rbe: funkci\u00f3t, ergon\u00f3mi\u00e1t, designt, form\u00e1t, anyag- \u00e9s sz\u00ednhaszn\u00e1latot tekintve. A c\u00e9l lehet egy meghat\u00e1rozott st\u00edlus, vagy pont a st\u00edlusok kever\u00e9se, lehet praktikum \u00e9s haszn\u00e1lhat\u00f3s\u00e1g vagy lehet \tfigyelemfelkelt\u00e9s vagy \u00e9ppen harm\u00f3nia. Ezt mindenkinek mag\u00e1nak kell megfogalmaznia. Fontos, hogy a v\u00e9geredm\u00e9ny egyedi \u00e9s szem\u00e9lyes legyen. Sz\u00e9p t\u00e1rgyakat k\u00f6nny\u0171 \u00e9szrevenni \u00e9s kiv\u00e1lasztani, de neh\u00e9z \u0151ket egy enteri\u0151rben \u00f6sszerendezni. A term\u00e9kek kiv\u00e1laszt\u00e1s\u00e1n\u00e1l vegye ig\u00e9nybe d\u00edjmentes tan\u00e1csad\u00e1sunkat, vagy v\u00e1lassza bels\u0151\u00e9p\u00edt\u00e9sz\/lakberendez\u0151 partnereink szolg\u00e1ltat\u00e1sait.<\/p>\n<p><strong>Iroda kialak\u00edt\u00e1sakor ig\u00e9nyfelm\u00e9r\u00e9sn\u00e9l az al\u00e1bbi ergon\u00f3miai szempontokat vessz\u00fck figyelembe:<\/strong><\/p>\n<ul>\n<li>csoportos vagy egy\u00e9ni munkav\u00e9gz\u00e9s<\/li>\n<li> munkak\u00f6r<\/li>\n<li> inform\u00e1ci\u00f3\u00e1raml\u00e1s<\/li>\n<li> egy\u00e9n szem\u00e9lyes \u00e9rdekei, ergon\u00f3mia<\/li>\n<li> megk\u00f6zel\u00edthet\u0151s\u00e9g vagy elszepar\u00e1lts\u00e1g (hangszigetel\u00e9s, nyitott vagy z\u00e1rt terek)<\/li>\n<li> hiearchia<\/li>\n<\/ul>\n","protected":false},"excerpt":{"rendered":"<p>Egy otthon kialak\u00edt\u00e1s\u00e1n\u00e1l a v\u00e1lasztott b\u00fatorok \u00e9s kieg\u00e9sz\u00edt\u0151k meghat\u00e1rozz\u00e1k a helys\u00e9g hangulat\u00e1t \u00e9s egyben t\u00fckr\u00f6zik a benne \u00e9l\u0151 emberek szem\u00e9lyis\u00e9g\u00e9t, \u00e9letvitel\u00e9t. Nincs k\u00e9t egyforma ember, nincs k\u00e9t egyforma otthon. Minden esetben k\u00fcl\u00f6nb\u00f6z\u0151 szempontok ker\u00fclnek el\u0151t\u00e9rbe: funkci\u00f3t, ergon\u00f3mi\u00e1t, designt, form\u00e1t, anyag- \u00e9s sz\u00ednhaszn\u00e1latot tekintve. A c\u00e9l lehet egy meghat\u00e1rozott st\u00edlus, vagy pont a st\u00edlusok kever\u00e9se, lehet [&hellip;]<\/p>\n","protected":false},"author":9192192,"featured_media":0,"parent":3367,"menu_order":1,"comment_status":"closed","ping_status":"open","template":"page_szolgaltat.php","meta":{"ngg_post_thumbnail":0,"footnotes":""},"aioseo_notices":[],"_links":{"self":[{"href":"https:\/\/www.silcom.hu\/en\/wp-json\/wp\/v2\/pages\/3369"}],"collection":[{"href":"https:\/\/www.silcom.hu\/en\/wp-json\/wp\/v2\/pages"}],"about":[{"href":"https:\/\/www.silcom.hu\/en\/wp-json\/wp\/v2\/types\/page"}],"author":[{"embeddable":true,"href":"https:\/\/www.silcom.hu\/en\/wp-json\/wp\/v2\/users\/9192192"}],"replies":[{"embeddable":true,"href":"https:\/\/www.silcom.hu\/en\/wp-json\/wp\/v2\/comments?post=3369"}],"version-history":[{"count":0,"href":"https:\/\/www.silcom.hu\/en\/wp-json\/wp\/v2\/pages\/3369\/revisions"}],"up":[{"embeddable":true,"href":"https:\/\/www.silcom.hu\/en\/wp-json\/wp\/v2\/pages\/3367"}],"wp:attachment":[{"href":"https:\/\/www.silcom.hu\/en\/wp-json\/wp\/v2\/media?parent=3369"}],"curies":[{"name":"wp","href":"https:\/\/api.w.org\/{rel}","templated":true}]}}